{"id":187,"date":"2019-07-28T17:25:38","date_gmt":"2019-07-28T20:25:38","guid":{"rendered":"http:\/\/desejoesabor.com.br\/?page_id=187"},"modified":"2023-09-13T08:33:18","modified_gmt":"2023-09-13T11:33:18","slug":"contato","status":"publish","type":"page","link":"https:\/\/desejoesabor.com.br\/site\/contato\/","title":{"rendered":"Contato"},"content":{"rendered":"<h2>quer falar conosco? d\u00favidas ou sugest\u00f5es?<br \/>\nestamos \u00e0 disposi\u00e7\u00e3o.<\/h2>\n<p>Complete os formul\u00e1rios e clique em enviar.<br \/>\nLembrando que tamb\u00e9m possu\u00edmos um canal de atendimento via chat e whatsapp, ent\u00e3o fique a vontade e clique no bot\u00e3ozinho verde no canto inferior da tela.<br \/>\nCriamos mais esse canal de atendimento para dinamizar ainda mais nosso contato.<\/p>\n","protected":false},"excerpt":{"rendered":"<p>quer falar conosco? d\u00favidas ou sugest\u00f5es? estamos \u00e0 disposi\u00e7\u00e3o. Complete os formul\u00e1rios e clique em enviar. Lembrando que tamb\u00e9m possu\u00edmos um canal de [&hellip;]<\/p>\n","protected":false},"author":1,"featured_media":849,"parent":0,"menu_order":0,"comment_status":"closed","ping_status":"closed","template":"page-contato.php","meta":{"footnotes":""},"acf":[],"yoast_head":"<!-- This site is optimized with the Yoast SEO plugin v21.1 - https:\/\/yoast.com\/wordpress\/plugins\/seo\/ -->\n<title>Contato - Desejo &amp; Sabor<\/title>\n<meta name=\"robots\" content=\"index, follow, max-snippet:-1, max-image-preview:large, max-video-preview:-1\" \/>\n<link rel=\"canonical\" href=\"https:\/\/desejoesabor.com.br\/site\/contato\/\" \/>\n<meta property=\"og:locale\" content=\"pt_BR\" \/>\n<meta property=\"og:type\" content=\"article\" \/>\n<meta property=\"og:title\" content=\"Contato - Desejo &amp; Sabor\" \/>\n<meta property=\"og:description\" content=\"quer falar conosco? d\u00favidas ou sugest\u00f5es? estamos \u00e0 disposi\u00e7\u00e3o. Complete os formul\u00e1rios e clique em enviar. Lembrando que tamb\u00e9m possu\u00edmos um canal de [&hellip;]\" \/>\n<meta property=\"og:url\" content=\"https:\/\/desejoesabor.com.br\/site\/contato\/\" \/>\n<meta property=\"og:site_name\" content=\"Desejo &amp; Sabor\" \/>\n<meta property=\"article:modified_time\" content=\"2023-09-13T11:33:18+00:00\" \/>\n<meta property=\"og:image\" content=\"https:\/\/desejoesabor.com.br\/site\/wp-content\/uploads\/2019\/08\/banner_surpreenda_1920x422px.jpg\" \/>\n\t<meta property=\"og:image:width\" content=\"1920\" \/>\n\t<meta property=\"og:image:height\" content=\"422\" \/>\n\t<meta property=\"og:image:type\" content=\"image\/jpeg\" \/>\n<meta name=\"twitter:card\" content=\"summary_large_image\" \/>\n<script type=\"application\/ld+json\" class=\"yoast-schema-graph\">{\"@context\":\"https:\/\/schema.org\",\"@graph\":[{\"@type\":\"WebPage\",\"@id\":\"https:\/\/desejoesabor.com.br\/site\/contato\/\",\"url\":\"https:\/\/desejoesabor.com.br\/site\/contato\/\",\"name\":\"Contato - Desejo &amp; Sabor\",\"isPartOf\":{\"@id\":\"https:\/\/desejoesabor.com.br\/site\/#website\"},\"datePublished\":\"2019-07-28T20:25:38+00:00\",\"dateModified\":\"2023-09-13T11:33:18+00:00\",\"breadcrumb\":{\"@id\":\"https:\/\/desejoesabor.com.br\/site\/contato\/#breadcrumb\"},\"inLanguage\":\"pt-BR\",\"potentialAction\":[{\"@type\":\"ReadAction\",\"target\":[\"https:\/\/desejoesabor.com.br\/site\/contato\/\"]}]},{\"@type\":\"BreadcrumbList\",\"@id\":\"https:\/\/desejoesabor.com.br\/site\/contato\/#breadcrumb\",\"itemListElement\":[{\"@type\":\"ListItem\",\"position\":1,\"name\":\"In\u00edcio\",\"item\":\"https:\/\/desejoesabor.com.br\/site\/\"},{\"@type\":\"ListItem\",\"position\":2,\"name\":\"Contato\"}]},{\"@type\":\"WebSite\",\"@id\":\"https:\/\/desejoesabor.com.br\/site\/#website\",\"url\":\"https:\/\/desejoesabor.com.br\/site\/\",\"name\":\"Desejo &amp; Sabor\",\"description\":\"\",\"potentialAction\":[{\"@type\":\"SearchAction\",\"target\":{\"@type\":\"EntryPoint\",\"urlTemplate\":\"https:\/\/desejoesabor.com.br\/site\/?s={search_term_string}\"},\"query-input\":\"required name=search_term_string\"}],\"inLanguage\":\"pt-BR\"}]}<\/script>\n<!-- \/ Yoast SEO plugin. -->","yoast_head_json":{"title":"Contato - Desejo &amp; Sabor","robots":{"index":"index","follow":"follow","max-snippet":"max-snippet:-1","max-image-preview":"max-image-preview:large","max-video-preview":"max-video-preview:-1"},"canonical":"https:\/\/desejoesabor.com.br\/site\/contato\/","og_locale":"pt_BR","og_type":"article","og_title":"Contato - Desejo &amp; Sabor","og_description":"quer falar conosco? d\u00favidas ou sugest\u00f5es? estamos \u00e0 disposi\u00e7\u00e3o. Complete os formul\u00e1rios e clique em enviar. Lembrando que tamb\u00e9m possu\u00edmos um canal de [&hellip;]","og_url":"https:\/\/desejoesabor.com.br\/site\/contato\/","og_site_name":"Desejo &amp; Sabor","article_modified_time":"2023-09-13T11:33:18+00:00","og_image":[{"width":1920,"height":422,"url":"https:\/\/desejoesabor.com.br\/site\/wp-content\/uploads\/2019\/08\/banner_surpreenda_1920x422px.jpg","type":"image\/jpeg"}],"twitter_card":"summary_large_image","schema":{"@context":"https:\/\/schema.org","@graph":[{"@type":"WebPage","@id":"https:\/\/desejoesabor.com.br\/site\/contato\/","url":"https:\/\/desejoesabor.com.br\/site\/contato\/","name":"Contato - Desejo &amp; Sabor","isPartOf":{"@id":"https:\/\/desejoesabor.com.br\/site\/#website"},"datePublished":"2019-07-28T20:25:38+00:00","dateModified":"2023-09-13T11:33:18+00:00","breadcrumb":{"@id":"https:\/\/desejoesabor.com.br\/site\/contato\/#breadcrumb"},"inLanguage":"pt-BR","potentialAction":[{"@type":"ReadAction","target":["https:\/\/desejoesabor.com.br\/site\/contato\/"]}]},{"@type":"BreadcrumbList","@id":"https:\/\/desejoesabor.com.br\/site\/contato\/#breadcrumb","itemListElement":[{"@type":"ListItem","position":1,"name":"In\u00edcio","item":"https:\/\/desejoesabor.com.br\/site\/"},{"@type":"ListItem","position":2,"name":"Contato"}]},{"@type":"WebSite","@id":"https:\/\/desejoesabor.com.br\/site\/#website","url":"https:\/\/desejoesabor.com.br\/site\/","name":"Desejo &amp; Sabor","description":"","potentialAction":[{"@type":"SearchAction","target":{"@type":"EntryPoint","urlTemplate":"https:\/\/desejoesabor.com.br\/site\/?s={search_term_string}"},"query-input":"required name=search_term_string"}],"inLanguage":"pt-BR"}]}},"_links":{"self":[{"href":"https:\/\/desejoesabor.com.br\/site\/wp-json\/wp\/v2\/pages\/187"}],"collection":[{"href":"https:\/\/desejoesabor.com.br\/site\/wp-json\/wp\/v2\/pages"}],"about":[{"href":"https:\/\/desejoesabor.com.br\/site\/wp-json\/wp\/v2\/types\/page"}],"author":[{"embeddable":true,"href":"https:\/\/desejoesabor.com.br\/site\/wp-json\/wp\/v2\/users\/1"}],"replies":[{"embeddable":true,"href":"https:\/\/desejoesabor.com.br\/site\/wp-json\/wp\/v2\/comments?post=187"}],"version-history":[{"count":11,"href":"https:\/\/desejoesabor.com.br\/site\/wp-json\/wp\/v2\/pages\/187\/revisions"}],"predecessor-version":[{"id":1097,"href":"https:\/\/desejoesabor.com.br\/site\/wp-json\/wp\/v2\/pages\/187\/revisions\/1097"}],"wp:featuredmedia":[{"embeddable":true,"href":"https:\/\/desejoesabor.com.br\/site\/wp-json\/wp\/v2\/media\/849"}],"wp:attachment":[{"href":"https:\/\/desejoesabor.com.br\/site\/wp-json\/wp\/v2\/media?parent=187"}],"curies":[{"name":"wp","href":"https:\/\/api.w.org\/{rel}","templated":true}]}}